{"id":7086,"date":"2013-05-31T11:58:45","date_gmt":"2013-05-31T11:58:45","guid":{"rendered":"http:\/\/impreza.us-themes.net\/pages\/services\/"},"modified":"2025-11-26T12:25:42","modified_gmt":"2025-11-26T11:25:42","slug":"servicos","status":"publish","type":"page","link":"https:\/\/jpshome.pt\/en\/servicos\/","title":{"rendered":"servi\u00e7os"},"content":{"rendered":"<section class=\"l-section wpb_row height_medium\"><div class=\"l-section-overlay\" style=\"background:#003086\"><\/div><div class=\"l-section-h i-cf\"><div class=\"g-cols vc_row via_grid cols_1 laptops-cols_inherit tablets-cols_inherit mobiles-cols_1 valign_top type_default stacking_default\"><div class=\"wpb_column vc_column_container\"><div class=\"vc_column-inner\"><div class=\"w-separator size_small\"><\/div><div class=\"wpb_text_column us_custom_6df4bc3a has_text_color\"><div class=\"wpb_wrapper\"><h1 style=\"text-align: center;\">Services<\/h1>\n<\/div><\/div><div class=\"w-separator size_small\"><\/div><div class=\"w-iconbox iconpos_top style_default color_custom align_center no_text no_title\"><div class=\"w-iconbox-icon\" style=\"font-size:3rem;--icon-color:#ffffff;\"><i class=\"far fa-chevron-down\"><\/i><\/div><div class=\"w-iconbox-meta\"><\/div><\/div><\/div><\/div><\/div><\/div><\/section><section class=\"l-section wpb_row height_custom\"><div class=\"l-section-h i-cf\"><div class=\"g-cols vc_row via_grid cols_1 laptops-cols_inherit tablets-cols_inherit mobiles-cols_1 valign_top type_default stacking_default\"><div class=\"wpb_column vc_column_container\"><div class=\"vc_column-inner\"><div class=\"wpb_text_column us_custom_f41d2785\"><div class=\"wpb_wrapper\"><p style=\"text-align: center;\">From creation to final production, we deliver textile services that combine technology, quality, and customization for each client.<\/p>\n<\/div><\/div><div class=\"w-separator size_large\"><\/div><div class=\"g-cols wpb_row via_grid cols_2 laptops-cols_inherit tablets-cols_inherit mobiles-cols_1 valign_top type_default stacking_default\" style=\"--columns-gap:1.5rem;\"><div class=\"wpb_column vc_column_container us_custom_d8743621 has_text_color has_bg_color\"><div class=\"vc_column-inner\"><div class=\"w-iconbox iconpos_top style_default color_primary align_left no_text no_title\"><div class=\"w-iconbox-icon\" style=\"font-size:80px;\"><i class=\"fas fa-pencil-ruler\"><\/i><\/div><div class=\"w-iconbox-meta\"><\/div><\/div><div class=\"w-separator size_small\"><\/div><div class=\"wpb_text_column us_custom_81a92080\"><div class=\"wpb_wrapper\"><h4>Private label<\/h4>\n<p>We produce textile items branded with the client\u2019s logo, personalised and tailored to their needs.<\/p>\n<\/div><\/div><\/div><\/div><div class=\"wpb_column vc_column_container us_custom_d8743621 has_text_color has_bg_color\"><div class=\"vc_column-inner\"><div class=\"w-iconbox iconpos_top style_default color_primary align_left no_text no_title\"><div class=\"w-iconbox-icon\" style=\"font-size:80px;\"><i class=\"fas fa-fingerprint\"><\/i><\/div><div class=\"w-iconbox-meta\"><\/div><\/div><div class=\"w-separator size_small\"><\/div><div class=\"wpb_text_column us_custom_81a92080\"><div class=\"wpb_wrapper\"><h4>Digital printing<\/h4>\n<p>Advanced digital technology that allows printing complex patterns with high definition, colour stability, and excellent image reproduction.<\/p>\n<\/div><\/div><\/div><\/div><\/div><\/div><\/div><\/div><\/div><\/section><section class=\"l-section wpb_row height_custom\"><div class=\"l-section-h i-cf\"><div class=\"g-cols vc_row via_grid cols_1 laptops-cols_inherit tablets-cols_inherit mobiles-cols_1 valign_top type_default stacking_default\"><div class=\"wpb_column vc_column_container us_custom_848c377e has_bg_color\"><div class=\"vc_column-inner\"><h2 class=\"w-text us_custom_d44d8758 has_text_color\"><span class=\"w-text-h\"><span class=\"w-text-value\">Would you like to become our partner?<\/span><\/span><\/h2><div class=\"w-btn-wrapper align_center\"><a class=\"w-btn us-btn-style_16 us_custom_9cf479d2\" href=\"https:\/\/jpshome.pt\/en\/contactos\/\"><span class=\"w-btn-label\">Fale Connosco<\/span><\/a><\/div><\/div><\/div><\/div><\/div><\/section>","protected":false},"excerpt":{"rendered":"Servi\u00e7os Da cria\u00e7\u00e3o \u00e0 produ\u00e7\u00e3o final, entregamos servi\u00e7os t\u00eaxteis que combinam tecnologia, qualidade e personaliza\u00e7\u00e3o para cada cliente. Private label Produzimos artigos t\u00eaxteis com a marca do cliente, de forma personalizada e adaptada \u00e0s suas necessidades. Estampagem digital Tecnologia digital avan\u00e7ada que permite imprimir padr\u00f5es complexos com elevada nitidez, estabilidade de cor e excelente reprodu\u00e7\u00e3o...","protected":false},"author":6,"featured_media":0,"parent":0,"menu_order":0,"comment_status":"closed","ping_status":"closed","template":"","meta":{"footnotes":""},"class_list":["post-7086","page","type-page","status-publish","hentry"],"yoast_head":"<!-- This site is optimized with the Yoast SEO plugin v27.4 - https:\/\/yoast.com\/product\/yoast-seo-wordpress\/ -->\n<title>Private label | Texteis lar | JPS - Home &amp; Textil<\/title>\n<meta name=\"description\" content=\"Somos especializados em Private label para todo o tipo de marcas de t\u00eaxteis lar. Trabalhamos com pequenas a grandes quantidades.\" \/>\n<meta name=\"robots\" content=\"index, follow, max-snippet:-1, max-image-preview:large, max-video-preview:-1\" \/>\n<link rel=\"canonical\" href=\"https:\/\/jpshome.pt\/en\/servicos\/\" \/>\n<meta property=\"og:locale\" content=\"en_GB\" \/>\n<meta property=\"og:type\" content=\"article\" \/>\n<meta property=\"og:title\" content=\"Private label | Texteis lar | JPS - Home &amp; Textil\" \/>\n<meta property=\"og:description\" content=\"Somos especializados em Private label para todo o tipo de marcas de t\u00eaxteis lar. Trabalhamos com pequenas a grandes quantidades.\" \/>\n<meta property=\"og:url\" content=\"https:\/\/jpshome.pt\/en\/servicos\/\" \/>\n<meta property=\"og:site_name\" content=\"JPS - Home &amp; Textil\" \/>\n<meta property=\"article:publisher\" content=\"https:\/\/pt-pt.facebook.com\/Jpshome\/\" \/>\n<meta property=\"article:modified_time\" content=\"2025-11-26T11:25:42+00:00\" \/>\n<meta name=\"twitter:card\" content=\"summary_large_image\" \/>\n<meta name=\"twitter:label1\" content=\"Estimated reading time\" \/>\n\t<meta name=\"twitter:data1\" content=\"1 minute\" \/>\n<script type=\"application\/ld+json\" class=\"yoast-schema-graph\">{\"@context\":\"https:\\\/\\\/schema.org\",\"@graph\":[{\"@type\":\"WebPage\",\"@id\":\"https:\\\/\\\/jpshome.pt\\\/servicos\\\/\",\"url\":\"https:\\\/\\\/jpshome.pt\\\/servicos\\\/\",\"name\":\"Private label | Texteis lar | JPS - Home &amp; Textil\",\"isPartOf\":{\"@id\":\"https:\\\/\\\/jpshome.pt\\\/#website\"},\"datePublished\":\"2013-05-31T11:58:45+00:00\",\"dateModified\":\"2025-11-26T11:25:42+00:00\",\"description\":\"Somos especializados em Private label para todo o tipo de marcas de t\u00eaxteis lar. Trabalhamos com pequenas a grandes quantidades.\",\"breadcrumb\":{\"@id\":\"https:\\\/\\\/jpshome.pt\\\/servicos\\\/#breadcrumb\"},\"inLanguage\":\"en-GB\",\"potentialAction\":[{\"@type\":\"ReadAction\",\"target\":[\"https:\\\/\\\/jpshome.pt\\\/servicos\\\/\"]}]},{\"@type\":\"BreadcrumbList\",\"@id\":\"https:\\\/\\\/jpshome.pt\\\/servicos\\\/#breadcrumb\",\"itemListElement\":[{\"@type\":\"ListItem\",\"position\":1,\"name\":\"In\u00edcio\",\"item\":\"https:\\\/\\\/jpshome.pt\\\/\"},{\"@type\":\"ListItem\",\"position\":2,\"name\":\"servi\u00e7os\"}]},{\"@type\":\"WebSite\",\"@id\":\"https:\\\/\\\/jpshome.pt\\\/#website\",\"url\":\"https:\\\/\\\/jpshome.pt\\\/\",\"name\":\"JPS - Home & Textil\",\"description\":\"Especialistas em artigos t\u00eaxteis para o lar, tais como: toalhas de mesa, toalhas de natal, toalhas de ch\u00e1, guardanapos, aventais, pegas, luvas, panos de cozinha, entre outros. Comercializamos para o mercado nacional e internacional.\",\"publisher\":{\"@id\":\"https:\\\/\\\/jpshome.pt\\\/#organization\"},\"potentialAction\":[{\"@type\":\"SearchAction\",\"target\":{\"@type\":\"EntryPoint\",\"urlTemplate\":\"https:\\\/\\\/jpshome.pt\\\/?s={search_term_string}\"},\"query-input\":{\"@type\":\"PropertyValueSpecification\",\"valueRequired\":true,\"valueName\":\"search_term_string\"}}],\"inLanguage\":\"en-GB\"},{\"@type\":\"Organization\",\"@id\":\"https:\\\/\\\/jpshome.pt\\\/#organization\",\"name\":\"JPS - Home & Textil\",\"url\":\"https:\\\/\\\/jpshome.pt\\\/\",\"logo\":{\"@type\":\"ImageObject\",\"inLanguage\":\"en-GB\",\"@id\":\"https:\\\/\\\/jpshome.pt\\\/#\\\/schema\\\/logo\\\/image\\\/\",\"url\":\"https:\\\/\\\/jpshome.pt\\\/wp-content\\\/uploads\\\/2021\\\/12\\\/logoiconwebsite.png\",\"contentUrl\":\"https:\\\/\\\/jpshome.pt\\\/wp-content\\\/uploads\\\/2021\\\/12\\\/logoiconwebsite.png\",\"width\":500,\"height\":500,\"caption\":\"JPS - Home & Textil\"},\"image\":{\"@id\":\"https:\\\/\\\/jpshome.pt\\\/#\\\/schema\\\/logo\\\/image\\\/\"},\"sameAs\":[\"https:\\\/\\\/pt-pt.facebook.com\\\/Jpshome\\\/\"]}]}<\/script>\n<!-- \/ Yoast SEO plugin. -->","yoast_head_json":{"title":"Private label | Texteis lar | JPS - Home &amp; Textil","description":"Somos especializados em Private label para todo o tipo de marcas de t\u00eaxteis lar. Trabalhamos com pequenas a grandes quantidades.","robots":{"index":"index","follow":"follow","max-snippet":"max-snippet:-1","max-image-preview":"max-image-preview:large","max-video-preview":"max-video-preview:-1"},"canonical":"https:\/\/jpshome.pt\/en\/servicos\/","og_locale":"en_GB","og_type":"article","og_title":"Private label | Texteis lar | JPS - Home &amp; Textil","og_description":"Somos especializados em Private label para todo o tipo de marcas de t\u00eaxteis lar. Trabalhamos com pequenas a grandes quantidades.","og_url":"https:\/\/jpshome.pt\/en\/servicos\/","og_site_name":"JPS - Home &amp; Textil","article_publisher":"https:\/\/pt-pt.facebook.com\/Jpshome\/","article_modified_time":"2025-11-26T11:25:42+00:00","twitter_card":"summary_large_image","twitter_misc":{"Estimated reading time":"1 minute"},"schema":{"@context":"https:\/\/schema.org","@graph":[{"@type":"WebPage","@id":"https:\/\/jpshome.pt\/servicos\/","url":"https:\/\/jpshome.pt\/servicos\/","name":"Private label | Texteis lar | JPS - Home &amp; Textil","isPartOf":{"@id":"https:\/\/jpshome.pt\/#website"},"datePublished":"2013-05-31T11:58:45+00:00","dateModified":"2025-11-26T11:25:42+00:00","description":"Somos especializados em Private label para todo o tipo de marcas de t\u00eaxteis lar. Trabalhamos com pequenas a grandes quantidades.","breadcrumb":{"@id":"https:\/\/jpshome.pt\/servicos\/#breadcrumb"},"inLanguage":"en-GB","potentialAction":[{"@type":"ReadAction","target":["https:\/\/jpshome.pt\/servicos\/"]}]},{"@type":"BreadcrumbList","@id":"https:\/\/jpshome.pt\/servicos\/#breadcrumb","itemListElement":[{"@type":"ListItem","position":1,"name":"In\u00edcio","item":"https:\/\/jpshome.pt\/"},{"@type":"ListItem","position":2,"name":"servi\u00e7os"}]},{"@type":"WebSite","@id":"https:\/\/jpshome.pt\/#website","url":"https:\/\/jpshome.pt\/","name":"JPS - Home & Textil","description":"Especialistas em artigos t\u00eaxteis para o lar, tais como: toalhas de mesa, toalhas de natal, toalhas de ch\u00e1, guardanapos, aventais, pegas, luvas, panos de cozinha, entre outros. Comercializamos para o mercado nacional e internacional.","publisher":{"@id":"https:\/\/jpshome.pt\/#organization"},"potentialAction":[{"@type":"SearchAction","target":{"@type":"EntryPoint","urlTemplate":"https:\/\/jpshome.pt\/?s={search_term_string}"},"query-input":{"@type":"PropertyValueSpecification","valueRequired":true,"valueName":"search_term_string"}}],"inLanguage":"en-GB"},{"@type":"Organization","@id":"https:\/\/jpshome.pt\/#organization","name":"JPS - Home & Textil","url":"https:\/\/jpshome.pt\/","logo":{"@type":"ImageObject","inLanguage":"en-GB","@id":"https:\/\/jpshome.pt\/#\/schema\/logo\/image\/","url":"https:\/\/jpshome.pt\/wp-content\/uploads\/2021\/12\/logoiconwebsite.png","contentUrl":"https:\/\/jpshome.pt\/wp-content\/uploads\/2021\/12\/logoiconwebsite.png","width":500,"height":500,"caption":"JPS - Home & Textil"},"image":{"@id":"https:\/\/jpshome.pt\/#\/schema\/logo\/image\/"},"sameAs":["https:\/\/pt-pt.facebook.com\/Jpshome\/"]}]}},"_links":{"self":[{"href":"https:\/\/jpshome.pt\/en\/wp-json\/wp\/v2\/pages\/7086","targetHints":{"allow":["GET"]}}],"collection":[{"href":"https:\/\/jpshome.pt\/en\/wp-json\/wp\/v2\/pages"}],"about":[{"href":"https:\/\/jpshome.pt\/en\/wp-json\/wp\/v2\/types\/page"}],"author":[{"embeddable":true,"href":"https:\/\/jpshome.pt\/en\/wp-json\/wp\/v2\/users\/6"}],"replies":[{"embeddable":true,"href":"https:\/\/jpshome.pt\/en\/wp-json\/wp\/v2\/comments?post=7086"}],"version-history":[{"count":47,"href":"https:\/\/jpshome.pt\/en\/wp-json\/wp\/v2\/pages\/7086\/revisions"}],"predecessor-version":[{"id":8886,"href":"https:\/\/jpshome.pt\/en\/wp-json\/wp\/v2\/pages\/7086\/revisions\/8886"}],"wp:attachment":[{"href":"https:\/\/jpshome.pt\/en\/wp-json\/wp\/v2\/media?parent=7086"}],"curies":[{"name":"wp","href":"https:\/\/api.w.org\/{rel}","templated":true}]}}