{"id":7085,"date":"2013-05-31T11:57:37","date_gmt":"2013-05-31T11:57:37","guid":{"rendered":"http:\/\/impreza.us-themes.net\/pages\/about\/"},"modified":"2025-11-14T15:19:46","modified_gmt":"2025-11-14T14:19:46","slug":"sobrenos","status":"publish","type":"page","link":"https:\/\/jpshome.pt\/en\/sobrenos\/","title":{"rendered":"About us"},"content":{"rendered":"<section class=\"l-section wpb_row height_m\u00e9dio color_prim\u00e1rio\"><div class=\"l-section-overlay\" style=\"background:#003086\"><\/div><div class=\"l-section-h i-cf\"><div class=\"g-cols vc_row via_grid cols_1 laptops-cols_inherit tablets-cols_inherit mobiles-cols_1 valign_top type_default stacking_default\"><div class=\"wpb_column vc_column_container\"><div class=\"vc_column-inner\"><div class=\"wpb_text_column us_custom_6df4bc3a has_text_color\"><div class=\"wpb_wrapper\"><h1 style=\"text-align: center;\">About us<\/h1>\n<\/div><\/div><div class=\"w-separator size_pequeno\"><\/div><div class=\"w-iconbox iconpos_top style_default color_custom align_center no_title\"><a href=\"#sobre\" class=\"w-iconbox-link\" aria-label=\"far|chevron-down\"><div class=\"w-iconbox-icon\" style=\"font-size:3rem;--icon-color:#ffffff;\"><i class=\"far fa-chevron-down\"><\/i><\/div><\/a><div class=\"w-iconbox-meta\"><div class=\"w-iconbox-text\"><\/div><\/div><\/div><\/div><\/div><\/div><\/div><\/section><section class=\"l-section wpb_row height_auto\"><div class=\"l-section-h i-cf\"><div class=\"g-cols vc_row via_grid cols_1 laptops-cols_inherit tablets-cols_inherit mobiles-cols_1 valign_top type_default stacking_default\"><div class=\"wpb_column vc_column_container\"><div class=\"vc_column-inner\"><div class=\"w-separator size_large\"><\/div><\/div><\/div><\/div><\/div><\/section><section class=\"l-section wpb_row height_colunas\"><div class=\"l-section-h i-cf\"><div class=\"g-cols vc_row via_grid cols_2 laptops-cols_inherit tablets-cols_inherit mobiles-cols_1 valign_top type_default stacking_default\"><div class=\"wpb_column vc_column_container\"><div class=\"vc_column-inner\"><div class=\"wpb_text_column\"><div class=\"wpb_wrapper\"><p data-start=\"314\" data-end=\"420\"><strong data-start=\"314\" data-end=\"420\">Since 1997, JPS HOME &amp; TEXTIL has been synonymous with quality, innovation, and reliability in the home textiles sector.<\/strong><\/p>\n<p data-start=\"422\" data-end=\"772\">With over two decades of experience, we are an established brand that combines contemporary design, durability, and comfort in every product. We offer a customisable range of home textile items \u2013 such as tablecloths, table runners, kitchen accessories, decorative cushions, and duvets \u2013 designed to meet the demands of both national and international markets.<\/p>\n<p data-start=\"774\" data-end=\"878\">Whether you are a wholesaler or a retailer <strong data-start=\"809\" data-end=\"827\">JPS HOME &amp; TEXTIL<\/strong> s the ideal partner for your business. We guarantee:<\/p>\n<ul data-start=\"880\" data-end=\"1416\">\n<li data-start=\"880\" data-end=\"977\">\n<p data-start=\"882\" data-end=\"977\"><strong data-start=\"882\" data-end=\"926\">Products of the highest quality standards<\/strong>;<\/p>\n<\/li>\n<li data-start=\"978\" data-end=\"1094\">\n<p data-start=\"980\" data-end=\"1094\"><strong data-start=\"980\" data-end=\"1023\">Production and customization capabilities;<\/strong><\/p>\n<\/li>\n<li data-start=\"1095\" data-end=\"1197\">\n<p data-start=\"1097\" data-end=\"1197\"><strong data-start=\"1097\" data-end=\"1157\">Distinctive design in line with the latest trends<\/strong>;<\/p>\n<\/li>\n<li data-start=\"1198\" data-end=\"1324\">\n<p data-start=\"1200\" data-end=\"1324\"><strong data-start=\"1200\" data-end=\"1238\">Commitment to sustainability<\/strong>;<\/p>\n<\/li>\n<li data-start=\"1325\" data-end=\"1416\">\n<p data-start=\"1327\" data-end=\"1416\"><strong data-start=\"1327\" data-end=\"1370\">Strong and transparent business relationship;<\/strong><\/p>\n<\/li>\n<\/ul>\n<p data-start=\"1418\" data-end=\"1567\">By choosing <strong data-start=\"1432\" data-end=\"1450\">JPS HOME &amp; TEXTIL<\/strong>you are investing in products that stand out at the point of sale, build customer loyalty, and strengthen your business.<\/p>\n<p data-start=\"1569\" data-end=\"1675\"><strong data-start=\"1569\" data-end=\"1675\">Shall we grow together? Get in touch with us.<\/strong><\/p>\n<\/div><\/div><\/div><\/div><div class=\"wpb_column vc_column_container\"><div class=\"vc_column-inner\"><div class=\"w-slider style_none fit_scaledown nav_none count_1\"><div class=\"w-slider-h\"><div class=\"royalSlider\"><div class=\"rsContent\"><a class=\"rsImg\" data-rsw=\"1001\" data-rsh=\"667\" href=\"https:\/\/jpshome.pt\/wp-content\/uploads\/2021\/12\/joaopaulosilva.jpg\"><span data-alt=\"\"><\/span><\/a><\/div><\/div><img decoding=\"async\" src=\"https:\/\/jpshome.pt\/wp-content\/uploads\/2021\/12\/joaopaulosilva.jpg\" width=\"1001\" height=\"667\" alt loading=\"lazy\"><\/div><div class=\"w-slider-json\" onclick='return {&quot;autoScaleSlider&quot;:true,&quot;addActiveClass&quot;:true,&quot;loop&quot;:true,&quot;fadeInLoadedSlide&quot;:false,&quot;slidesSpacing&quot;:0,&quot;imageScalePadding&quot;:0,&quot;numImagesToPreload&quot;:2,&quot;arrowsNav&quot;:true,&quot;arrowsNavAutoHide&quot;:false,&quot;transitionType&quot;:&quot;move&quot;,&quot;transitionSpeed&quot;:450,&quot;block&quot;:{&quot;moveEffect&quot;:&quot;none&quot;,&quot;speed&quot;:300},&quot;thumbs&quot;:{&quot;fitInViewport&quot;:false,&quot;firstMargin&quot;:false,&quot;spacing&quot;:4},&quot;controlNavigation&quot;:&quot;none&quot;,&quot;autoplay&quot;:{&quot;enabled&quot;:true,&quot;pauseOnHover&quot;:true,&quot;delay&quot;:3000},&quot;autoScaleSliderWidth&quot;:1001,&quot;autoScaleSliderHeight&quot;:667}'><\/div><\/div><\/div><\/div><\/div><\/div><\/section><section class=\"l-section wpb_row height_auto\"><div class=\"l-section-overlay\" style=\"background:#ffffff\"><\/div><div class=\"l-section-h i-cf\"><div class=\"g-cols vc_row via_grid cols_1 laptops-cols_inherit tablets-cols_inherit mobiles-cols_1 valign_top type_default stacking_default\"><div class=\"wpb_column vc_column_container\"><div class=\"vc_column-inner\"><div class=\"w-separator size_small\"><\/div><div class=\"w-btn-wrapper align_none\"><a class=\"w-btn us-btn-style_16\" href=\"\/en\/contactos\/\"><span class=\"w-btn-label\">Talk with us<\/span><\/a><\/div><div class=\"w-separator size_medium\"><\/div><\/div><\/div><\/div><\/div><\/section>","protected":false},"excerpt":{"rendered":"Sobre n\u00f3s Desde 1997, a JPS HOME &amp; TEXTIL \u00e9 sin\u00f3nimo de qualidade, inova\u00e7\u00e3o e fiabilidade no setor dos t\u00eaxteis-lar. Com mais de duas d\u00e9cadas de experi\u00eancia, somos uma marca de refer\u00eancia que alia design contempor\u00e2neo, durabilidade e conforto em cada produto. Oferecemos uma gama personaliz\u00e1vel de artigos t\u00eaxteis para o lar \u2013 como toalhas...","protected":false},"author":1,"featured_media":0,"parent":0,"menu_order":0,"comment_status":"closed","ping_status":"closed","template":"","meta":{"footnotes":""},"class_list":["post-7085","page","type-page","status-publish","hentry"],"yoast_head":"<!-- This site is optimized with the Yoast SEO plugin v27.4 - https:\/\/yoast.com\/product\/yoast-seo-wordpress\/ -->\n<title>JPS Home &amp; Textil | Fabricante t\u00eaxteis lar para Revenda<\/title>\n<meta name=\"description\" content=\"JPS Home &amp; Textil \u00e9 a refer\u00eancia em t\u00eaxteis-lar. Explore as nossas solu\u00e7\u00f5es personalizadas para grossistas e retalhistas.\" \/>\n<meta name=\"robots\" content=\"index, follow, max-snippet:-1, max-image-preview:large, max-video-preview:-1\" \/>\n<link rel=\"canonical\" href=\"https:\/\/jpshome.pt\/en\/sobrenos\/\" \/>\n<meta property=\"og:locale\" content=\"en_GB\" \/>\n<meta property=\"og:type\" content=\"article\" \/>\n<meta property=\"og:title\" content=\"JPS Home &amp; Textil | Fabricante t\u00eaxteis lar para Revenda\" \/>\n<meta property=\"og:description\" content=\"JPS Home &amp; Textil \u00e9 a refer\u00eancia em t\u00eaxteis-lar. Explore as nossas solu\u00e7\u00f5es personalizadas para grossistas e retalhistas.\" \/>\n<meta property=\"og:url\" content=\"https:\/\/jpshome.pt\/en\/sobrenos\/\" \/>\n<meta property=\"og:site_name\" content=\"JPS - Home &amp; Textil\" \/>\n<meta property=\"article:publisher\" content=\"https:\/\/pt-pt.facebook.com\/Jpshome\/\" \/>\n<meta property=\"article:modified_time\" content=\"2025-11-14T14:19:46+00:00\" \/>\n<meta name=\"twitter:card\" content=\"summary_large_image\" \/>\n<meta name=\"twitter:label1\" content=\"Estimated reading time\" \/>\n\t<meta name=\"twitter:data1\" content=\"2 minutes\" \/>\n<script type=\"application\/ld+json\" class=\"yoast-schema-graph\">{\"@context\":\"https:\\\/\\\/schema.org\",\"@graph\":[{\"@type\":\"WebPage\",\"@id\":\"https:\\\/\\\/jpshome.pt\\\/sobrenos\\\/\",\"url\":\"https:\\\/\\\/jpshome.pt\\\/sobrenos\\\/\",\"name\":\"JPS Home & Textil | Fabricante t\u00eaxteis lar para Revenda\",\"isPartOf\":{\"@id\":\"https:\\\/\\\/jpshome.pt\\\/#website\"},\"datePublished\":\"2013-05-31T11:57:37+00:00\",\"dateModified\":\"2025-11-14T14:19:46+00:00\",\"description\":\"JPS Home & Textil \u00e9 a refer\u00eancia em t\u00eaxteis-lar. Explore as nossas solu\u00e7\u00f5es personalizadas para grossistas e retalhistas.\",\"breadcrumb\":{\"@id\":\"https:\\\/\\\/jpshome.pt\\\/sobrenos\\\/#breadcrumb\"},\"inLanguage\":\"en-GB\",\"potentialAction\":[{\"@type\":\"ReadAction\",\"target\":[\"https:\\\/\\\/jpshome.pt\\\/sobrenos\\\/\"]}]},{\"@type\":\"BreadcrumbList\",\"@id\":\"https:\\\/\\\/jpshome.pt\\\/sobrenos\\\/#breadcrumb\",\"itemListElement\":[{\"@type\":\"ListItem\",\"position\":1,\"name\":\"In\u00edcio\",\"item\":\"https:\\\/\\\/jpshome.pt\\\/\"},{\"@type\":\"ListItem\",\"position\":2,\"name\":\"Sobre n\u00f3s\"}]},{\"@type\":\"WebSite\",\"@id\":\"https:\\\/\\\/jpshome.pt\\\/#website\",\"url\":\"https:\\\/\\\/jpshome.pt\\\/\",\"name\":\"JPS - Home & Textil\",\"description\":\"Especialistas em artigos t\u00eaxteis para o lar, tais como: toalhas de mesa, toalhas de natal, toalhas de ch\u00e1, guardanapos, aventais, pegas, luvas, panos de cozinha, entre outros. Comercializamos para o mercado nacional e internacional.\",\"publisher\":{\"@id\":\"https:\\\/\\\/jpshome.pt\\\/#organization\"},\"potentialAction\":[{\"@type\":\"SearchAction\",\"target\":{\"@type\":\"EntryPoint\",\"urlTemplate\":\"https:\\\/\\\/jpshome.pt\\\/?s={search_term_string}\"},\"query-input\":{\"@type\":\"PropertyValueSpecification\",\"valueRequired\":true,\"valueName\":\"search_term_string\"}}],\"inLanguage\":\"en-GB\"},{\"@type\":\"Organization\",\"@id\":\"https:\\\/\\\/jpshome.pt\\\/#organization\",\"name\":\"JPS - Home & Textil\",\"url\":\"https:\\\/\\\/jpshome.pt\\\/\",\"logo\":{\"@type\":\"ImageObject\",\"inLanguage\":\"en-GB\",\"@id\":\"https:\\\/\\\/jpshome.pt\\\/#\\\/schema\\\/logo\\\/image\\\/\",\"url\":\"https:\\\/\\\/jpshome.pt\\\/wp-content\\\/uploads\\\/2021\\\/12\\\/logoiconwebsite.png\",\"contentUrl\":\"https:\\\/\\\/jpshome.pt\\\/wp-content\\\/uploads\\\/2021\\\/12\\\/logoiconwebsite.png\",\"width\":500,\"height\":500,\"caption\":\"JPS - Home & Textil\"},\"image\":{\"@id\":\"https:\\\/\\\/jpshome.pt\\\/#\\\/schema\\\/logo\\\/image\\\/\"},\"sameAs\":[\"https:\\\/\\\/pt-pt.facebook.com\\\/Jpshome\\\/\"]}]}<\/script>\n<!-- \/ Yoast SEO plugin. -->","yoast_head_json":{"title":"JPS Home & Textil | Fabricante t\u00eaxteis lar para Revenda","description":"JPS Home & Textil \u00e9 a refer\u00eancia em t\u00eaxteis-lar. Explore as nossas solu\u00e7\u00f5es personalizadas para grossistas e retalhistas.","robots":{"index":"index","follow":"follow","max-snippet":"max-snippet:-1","max-image-preview":"max-image-preview:large","max-video-preview":"max-video-preview:-1"},"canonical":"https:\/\/jpshome.pt\/en\/sobrenos\/","og_locale":"en_GB","og_type":"article","og_title":"JPS Home & Textil | Fabricante t\u00eaxteis lar para Revenda","og_description":"JPS Home & Textil \u00e9 a refer\u00eancia em t\u00eaxteis-lar. Explore as nossas solu\u00e7\u00f5es personalizadas para grossistas e retalhistas.","og_url":"https:\/\/jpshome.pt\/en\/sobrenos\/","og_site_name":"JPS - Home &amp; Textil","article_publisher":"https:\/\/pt-pt.facebook.com\/Jpshome\/","article_modified_time":"2025-11-14T14:19:46+00:00","twitter_card":"summary_large_image","twitter_misc":{"Estimated reading time":"2 minutes"},"schema":{"@context":"https:\/\/schema.org","@graph":[{"@type":"WebPage","@id":"https:\/\/jpshome.pt\/sobrenos\/","url":"https:\/\/jpshome.pt\/sobrenos\/","name":"JPS Home & Textil | Fabricante t\u00eaxteis lar para Revenda","isPartOf":{"@id":"https:\/\/jpshome.pt\/#website"},"datePublished":"2013-05-31T11:57:37+00:00","dateModified":"2025-11-14T14:19:46+00:00","description":"JPS Home & Textil \u00e9 a refer\u00eancia em t\u00eaxteis-lar. Explore as nossas solu\u00e7\u00f5es personalizadas para grossistas e retalhistas.","breadcrumb":{"@id":"https:\/\/jpshome.pt\/sobrenos\/#breadcrumb"},"inLanguage":"en-GB","potentialAction":[{"@type":"ReadAction","target":["https:\/\/jpshome.pt\/sobrenos\/"]}]},{"@type":"BreadcrumbList","@id":"https:\/\/jpshome.pt\/sobrenos\/#breadcrumb","itemListElement":[{"@type":"ListItem","position":1,"name":"In\u00edcio","item":"https:\/\/jpshome.pt\/"},{"@type":"ListItem","position":2,"name":"Sobre n\u00f3s"}]},{"@type":"WebSite","@id":"https:\/\/jpshome.pt\/#website","url":"https:\/\/jpshome.pt\/","name":"JPS - Home & Textil","description":"Especialistas em artigos t\u00eaxteis para o lar, tais como: toalhas de mesa, toalhas de natal, toalhas de ch\u00e1, guardanapos, aventais, pegas, luvas, panos de cozinha, entre outros. Comercializamos para o mercado nacional e internacional.","publisher":{"@id":"https:\/\/jpshome.pt\/#organization"},"potentialAction":[{"@type":"SearchAction","target":{"@type":"EntryPoint","urlTemplate":"https:\/\/jpshome.pt\/?s={search_term_string}"},"query-input":{"@type":"PropertyValueSpecification","valueRequired":true,"valueName":"search_term_string"}}],"inLanguage":"en-GB"},{"@type":"Organization","@id":"https:\/\/jpshome.pt\/#organization","name":"JPS - Home & Textil","url":"https:\/\/jpshome.pt\/","logo":{"@type":"ImageObject","inLanguage":"en-GB","@id":"https:\/\/jpshome.pt\/#\/schema\/logo\/image\/","url":"https:\/\/jpshome.pt\/wp-content\/uploads\/2021\/12\/logoiconwebsite.png","contentUrl":"https:\/\/jpshome.pt\/wp-content\/uploads\/2021\/12\/logoiconwebsite.png","width":500,"height":500,"caption":"JPS - Home & Textil"},"image":{"@id":"https:\/\/jpshome.pt\/#\/schema\/logo\/image\/"},"sameAs":["https:\/\/pt-pt.facebook.com\/Jpshome\/"]}]}},"_links":{"self":[{"href":"https:\/\/jpshome.pt\/en\/wp-json\/wp\/v2\/pages\/7085","targetHints":{"allow":["GET"]}}],"collection":[{"href":"https:\/\/jpshome.pt\/en\/wp-json\/wp\/v2\/pages"}],"about":[{"href":"https:\/\/jpshome.pt\/en\/wp-json\/wp\/v2\/types\/page"}],"author":[{"embeddable":true,"href":"https:\/\/jpshome.pt\/en\/wp-json\/wp\/v2\/users\/1"}],"replies":[{"embeddable":true,"href":"https:\/\/jpshome.pt\/en\/wp-json\/wp\/v2\/comments?post=7085"}],"version-history":[{"count":71,"href":"https:\/\/jpshome.pt\/en\/wp-json\/wp\/v2\/pages\/7085\/revisions"}],"predecessor-version":[{"id":8671,"href":"https:\/\/jpshome.pt\/en\/wp-json\/wp\/v2\/pages\/7085\/revisions\/8671"}],"wp:attachment":[{"href":"https:\/\/jpshome.pt\/en\/wp-json\/wp\/v2\/media?parent=7085"}],"curies":[{"name":"wp","href":"https:\/\/api.w.org\/{rel}","templated":true}]}}